{"id":2333,"date":"2021-02-24T09:04:07","date_gmt":"2021-02-24T08:04:07","guid":{"rendered":"https:\/\/sacraexperience.com\/?page_id=2333"},"modified":"2024-05-06T18:41:38","modified_gmt":"2024-05-06T16:41:38","slug":"el-proyecto","status":"publish","type":"page","link":"https:\/\/sacraexperience.com\/gl\/el-proyecto\/","title":{"rendered":"O proxecto"},"content":{"rendered":"<p>[et_pb_section fb_built=&#8221;1&#8243; fullwidth=&#8221;on&#8221; _builder_version=&#8221;4.21.0&#8243; _module_preset=&#8221;default&#8221; locked=&#8221;off&#8221; global_colors_info=&#8221;{}&#8221;][et_pb_fullwidth_slider _builder_version=&#8221;4.25.0&#8243; _module_preset=&#8221;default&#8221; auto=&#8221;on&#8221; auto_speed=&#8221;3000&#8243; hover_enabled=&#8221;0&#8243; global_colors_info=&#8221;{}&#8221; sticky_enabled=&#8221;0&#8243;][et_pb_slide heading=&#8221; &#8221; admin_title=&#8221;4&#8243; _builder_version=&#8221;4.25.0&#8243; _module_preset=&#8221;default&#8221; background_image=&#8221;https:\/\/sacraexperience.com\/wp-content\/uploads\/2023\/07\/05_M1A0930_ret.jpg&#8221; background_enable_image=&#8221;on&#8221; hover_enabled=&#8221;0&#8243; global_colors_info=&#8221;{}&#8221; sticky_transition=&#8221;on&#8221; title_text=&#8221;05_M1A0930_ret&#8221; sticky_enabled=&#8221;0&#8243;][\/et_pb_slide][\/et_pb_fullwidth_slider][\/et_pb_section][et_pb_section fb_built=&#8221;1&#8243; _builder_version=&#8221;4.25.0&#8243; _module_preset=&#8221;default&#8221; background_color=&#8221;RGBA(255,255,255,0)&#8221; custom_padding=&#8221;0px|||||&#8221; global_colors_info=&#8221;{}&#8221;][et_pb_row _builder_version=&#8221;4.16&#8243; _module_preset=&#8221;default&#8221; global_colors_info=&#8221;{}&#8221;][et_pb_column type=&#8221;4_4&#8243; _builder_version=&#8221;4.16&#8243; _module_preset=&#8221;default&#8221; global_colors_info=&#8221;{}&#8221;][et_pb_text _builder_version=&#8221;4.25.0&#8243; _dynamic_attributes=&#8221;content&#8221; _module_preset=&#8221;default&#8221; text_text_color=&#8221;rgba(0,0,0,0.74)&#8221; text_line_height=&#8221;1.9em&#8221; header_font=&#8221;Poppins|600||on||||#adadad|dashed&#8221; header_font_size=&#8221;50px&#8221; header_2_text_color=&#8221;rgba(0,0,0,0.86)&#8221; header_2_font_size=&#8221;32px&#8221; custom_padding=&#8221;||37px|||&#8221; text_text_color_tablet=&#8221;#afafaf&#8221; text_text_color_phone=&#8221;#afafaf&#8221; text_text_color_last_edited=&#8221;on|phone&#8221; locked=&#8221;off&#8221; global_colors_info=&#8221;{}&#8221;]@ET-DC@eyJkeW5hbWljIjp0cnVlLCJjb250ZW50IjoicG9zdF90aXRsZSIsInNldHRpbmdzIjp7ImJlZm9yZSI6IjxoMT4iLCJhZnRlciI6IjwvaDE+IiwiZW5hYmxlX2h0bWwiOiJvZmYifX0=@[\/et_pb_text][et_pb_text _builder_version=&#8221;4.25.0&#8243; _module_preset=&#8221;default&#8221; text_text_color=&#8221;rgba(0,0,0,0.74)&#8221; text_line_height=&#8221;1.9em&#8221; header_font=&#8221;Poppins|600||on||||#adadad|dashed&#8221; header_font_size=&#8221;50px&#8221; header_2_text_color=&#8221;rgba(0,0,0,0.86)&#8221; header_2_font_size=&#8221;32px&#8221; custom_padding=&#8221;||37px|||&#8221; text_text_color_tablet=&#8221;#afafaf&#8221; text_text_color_phone=&#8221;#afafaf&#8221; text_text_color_last_edited=&#8221;on|phone&#8221; global_colors_info=&#8221;{}&#8221;]<\/p>\n<div class=\"fusion-text fusion-text-1\">\n<p>A cultura como motor para favorecer o progreso social a trav\u00e9s da posta en valor dun espazo \u00fanico e marco inigualable como a Ribeira Sacra, os seus vi\u00f1os, produtos, espazos, territorio e xente. A arte como factor vital na construci\u00f3n e fortalecemento, tanto dos lazos sociais e da comunidade, como da identidade individual e persoal.<\/p>\n<p>Sacra Experience, unha interconexi\u00f3n entre lugares, artistas e espazos a trav\u00e9s da colaboraci\u00f3n no acto de creaci\u00f3n inmersa na realidade social da Ribeira Sacra. Unha programaci\u00f3n anual con actividades formativas de fin de semana, para nenos e adultos. Un festival multidisciplinar e o vi\u00f1o como eixo condutor dunha proposta cultural \u00fanica.<\/p>\n<p>\u00c9 un artigo de primeira necesidade para toda a cidadan\u00eda e unha ferramenta para que toda persoa atope formas de representaci\u00f3n e de visibilizaci\u00f3n da s\u00faa realidade.<\/p>\n<\/div>\n<p>[\/et_pb_text][\/et_pb_column][\/et_pb_row][et_pb_row column_structure=&#8221;1_2,1_2&#8243; _builder_version=&#8221;4.16&#8243; _module_preset=&#8221;default&#8221; global_colors_info=&#8221;{}&#8221;][et_pb_column type=&#8221;1_2&#8243; _builder_version=&#8221;4.16&#8243; _module_preset=&#8221;default&#8221; global_colors_info=&#8221;{}&#8221;][et_pb_text _builder_version=&#8221;4.25.0&#8243; _module_preset=&#8221;default&#8221; text_text_color=&#8221;rgba(0,0,0,0.74)&#8221; text_line_height=&#8221;1.9em&#8221; header_2_text_color=&#8221;rgba(0,0,0,0.86)&#8221; custom_padding=&#8221;||37px|||&#8221; text_text_color_tablet=&#8221;#afafaf&#8221; text_text_color_phone=&#8221;#afafaf&#8221; text_text_color_last_edited=&#8221;on|phone&#8221; global_colors_info=&#8221;{}&#8221;]<\/p>\n<h2> <b>Que \u00e9 Sacra Experience<\/b><\/h2>\n<p>Concibida como unha iniciativa transformadora, Sacra Experience \u00e9 un exercicio de responsabilidade e sustentabilidade para po\u00f1er nas mans de todos unha selecci\u00f3n de artistas que buscan canles de comunicaci\u00f3n co espazo natural, neste caso un lugar onde a vitivinicultura \u00e9 unha parte esencial da paisaxe e da comunidade.<\/p>\n<p>Plataformas, iniciativas coas que comunicar(se), representaci\u00f3ns visuais, literarias e esc\u00e9nicas coas que poder entender a realidade e a percepci\u00f3n dos creadores\/as e a s\u00faa relaci\u00f3n coa natureza.<\/p>\n<p>Catas, concertos, formaci\u00f3n, espect\u00e1culos art\u00edsticos, encontros, visitas e espazos da Ribeira Sacra. Sacra Experience, unha nova forma de relacionarse coa contorna coa cultura como nexo.<\/p>\n<p>[\/et_pb_text][\/et_pb_column][et_pb_column type=&#8221;1_2&#8243; _builder_version=&#8221;4.16&#8243; _module_preset=&#8221;default&#8221; global_colors_info=&#8221;{}&#8221;][et_pb_text _builder_version=&#8221;4.25.0&#8243; _module_preset=&#8221;default&#8221; text_text_color=&#8221;rgba(0,0,0,0.74)&#8221; text_line_height=&#8221;1.9em&#8221; header_2_text_color=&#8221;#d6d6d6&#8243; custom_padding=&#8221;||37px|||&#8221; text_text_color_tablet=&#8221;#afafaf&#8221; text_text_color_phone=&#8221;#afafaf&#8221; text_text_color_last_edited=&#8221;on|phone&#8221; global_colors_info=&#8221;{}&#8221;]<\/p>\n<div class=\"fusion-text fusion-text-1\">\n<p>&nbsp;<\/p>\n<\/div>\n<div class=\"fusion-text fusion-text-2\">\n<p><strong style=\"font-size: 16px;\">Sacra Experience artic\u00falase nun programa composto por varios elementos:<\/strong><\/p>\n<ul>\n<li aria-level=\"1\"><strong>Sacra Forma<\/strong>: talleres formativos art\u00edsticos con destacados nomes do panorama cultural<\/li>\n<li aria-level=\"1\"><strong>Sacra Festival<\/strong>: un festival multidisciplinar en espazos \u00fanicos non convencionais da Ribeira Sacra, unindo vi\u00f1o e degustaci\u00f3ns coa arte e a cultura<\/li>\n<li aria-level=\"1\"><strong>Los espacios del Sacra Experience<\/strong>: unha forma diferente de vivir a Ribeira Sacra, co\u00f1ecer a s\u00faa xente e a contorna partindo de Lugar de Pincelo, en espazos que dan acollida a 12 persoas e que colaboran con outros aloxamentos de aldeas lindeiras.<\/li>\n<li aria-level=\"1\"><strong>La Terraza de Pincelo<\/strong>: O proxecto disp\u00f3n dun espazo a p\u00e9 de r\u00edo onde poder\u00e1s degustar produtos locais e diferentes vi\u00f1os da zona, ademais de dispo\u00f1er dun espazo de venda para clientes.<\/li>\n<\/ul>\n<\/div>\n<p>[\/et_pb_text][\/et_pb_column][\/et_pb_row][et_pb_row _builder_version=&#8221;4.16&#8243; _module_preset=&#8221;default&#8221; background_enable_color=&#8221;off&#8221; min_height=&#8221;59px&#8221; custom_padding=&#8221;||4px|||&#8221; global_colors_info=&#8221;{}&#8221;][et_pb_column type=&#8221;4_4&#8243; _builder_version=&#8221;4.16&#8243; _module_preset=&#8221;default&#8221; global_colors_info=&#8221;{}&#8221;][et_pb_button button_url=&#8221;https:\/\/sacraexperience.com\/wp-content\/uploads\/2024\/05\/COPIA-DEF-de-SACRA-FORMA-2024-Catellano-4.pdf&#8221; url_new_window=&#8221;on&#8221; button_text=&#8221;Descargar o dossier&#8221; button_alignment=&#8221;center&#8221; _builder_version=&#8221;4.25.0&#8243; _module_preset=&#8221;default&#8221; custom_button=&#8221;on&#8221; button_text_color=&#8221;#000000&#8243; button_bg_color=&#8221;#a5a5a5&#8243; button_border_width=&#8221;0px&#8221; button_border_radius=&#8221;0px&#8221; button_letter_spacing=&#8221;3px&#8221; button_use_icon=&#8221;off&#8221; custom_margin=&#8221;0px|||0px|false|false&#8221; custom_padding=&#8221;||||false|false&#8221; global_colors_info=&#8221;{}&#8221; button_text_color__hover=&#8221;#ffffff&#8221; button_text_color__hover_enabled=&#8221;on&#8221; button_bg_color__hover=&#8221;#000000&#8243; button_bg_color__hover_enabled=&#8221;on|desktop&#8221; button_letter_spacing__hover=&#8221;3px&#8221; button_letter_spacing__hover_enabled=&#8221;on|hover&#8221; button_border_color__hover=&#8221;#747d88&#8243; button_border_color__hover_enabled=&#8221;on&#8221;][\/et_pb_button][\/et_pb_column][\/et_pb_row][\/et_pb_section]<\/p>\n","protected":false},"excerpt":{"rendered":"<p>A cultura como motor para favorecer o progreso social a trav\u00e9s da posta en valor dun espazo \u00fanico e marco inigualable como a Ribeira Sacra, os seus vi\u00f1os, produtos, espazos, territorio e xente. A arte como factor vital na construci\u00f3n e fortalecemento, tanto dos lazos sociais e da comunidade, como da identidade individual e persoal. [&hellip;]<\/p>\n","protected":false},"author":4,"featured_media":0,"parent":0,"menu_order":0,"comment_status":"closed","ping_status":"closed","template":"","meta":{"_et_pb_use_builder":"on","_et_pb_old_content":"","_et_gb_content_width":"","footnotes":""},"class_list":["post-2333","page","type-page","status-publish","hentry"],"yoast_head":"<!-- This site is optimized with the Yoast SEO plugin v27.5 - https:\/\/yoast.com\/product\/yoast-seo-wordpress\/ -->\n<title>O proxecto - Sacra Experience<\/title>\n<meta name=\"robots\" content=\"index, follow, max-snippet:-1, max-image-preview:large, max-video-preview:-1\" \/>\n<link rel=\"canonical\" href=\"https:\/\/sacraexperience.com\/gl\/el-proyecto\/\" \/>\n<meta property=\"og:locale\" content=\"gl_ES\" \/>\n<meta property=\"og:type\" content=\"article\" \/>\n<meta property=\"og:title\" content=\"O proxecto - Sacra Experience\" \/>\n<meta property=\"og:description\" content=\"A cultura como motor para favorecer o progreso social a trav\u00e9s da posta en valor dun espazo \u00fanico e marco inigualable como a Ribeira Sacra, os seus vi\u00f1os, produtos, espazos, territorio e xente. A arte como factor vital na construci\u00f3n e fortalecemento, tanto dos lazos sociais e da comunidade, como da identidade individual e persoal. [&hellip;]\" \/>\n<meta property=\"og:url\" content=\"https:\/\/sacraexperience.com\/gl\/el-proyecto\/\" \/>\n<meta property=\"og:site_name\" content=\"Sacra Experience\" \/>\n<meta property=\"article:modified_time\" content=\"2024-05-06T16:41:38+00:00\" \/>\n<meta name=\"twitter:card\" content=\"summary_large_image\" \/>\n<script type=\"application\/ld+json\" class=\"yoast-schema-graph\">{\"@context\":\"https:\\\/\\\/schema.org\",\"@graph\":[{\"@type\":\"WebPage\",\"@id\":\"https:\\\/\\\/sacraexperience.com\\\/gl\\\/el-proyecto\\\/\",\"url\":\"https:\\\/\\\/sacraexperience.com\\\/gl\\\/el-proyecto\\\/\",\"name\":\"O proxecto - Sacra Experience\",\"isPartOf\":{\"@id\":\"https:\\\/\\\/sacraexperience.com\\\/#website\"},\"datePublished\":\"2021-02-24T08:04:07+00:00\",\"dateModified\":\"2024-05-06T16:41:38+00:00\",\"breadcrumb\":{\"@id\":\"https:\\\/\\\/sacraexperience.com\\\/gl\\\/el-proyecto\\\/#breadcrumb\"},\"inLanguage\":\"gl-ES\",\"potentialAction\":[{\"@type\":\"ReadAction\",\"target\":[\"https:\\\/\\\/sacraexperience.com\\\/gl\\\/el-proyecto\\\/\"]}]},{\"@type\":\"BreadcrumbList\",\"@id\":\"https:\\\/\\\/sacraexperience.com\\\/gl\\\/el-proyecto\\\/#breadcrumb\",\"itemListElement\":[{\"@type\":\"ListItem\",\"position\":1,\"name\":\"Portada\",\"item\":\"https:\\\/\\\/sacraexperience.com\\\/gl\\\/inicio\\\/\"},{\"@type\":\"ListItem\",\"position\":2,\"name\":\"O proxecto\"}]},{\"@type\":\"WebSite\",\"@id\":\"https:\\\/\\\/sacraexperience.com\\\/#website\",\"url\":\"https:\\\/\\\/sacraexperience.com\\\/\",\"name\":\"Sacra Experience\",\"description\":\"Cultura, arte y comunidad\",\"potentialAction\":[{\"@type\":\"SearchAction\",\"target\":{\"@type\":\"EntryPoint\",\"urlTemplate\":\"https:\\\/\\\/sacraexperience.com\\\/?s={search_term_string}\"},\"query-input\":{\"@type\":\"PropertyValueSpecification\",\"valueRequired\":true,\"valueName\":\"search_term_string\"}}],\"inLanguage\":\"gl-ES\"}]}<\/script>\n<!-- \/ Yoast SEO plugin. -->","yoast_head_json":{"title":"O proxecto - Sacra Experience","robots":{"index":"index","follow":"follow","max-snippet":"max-snippet:-1","max-image-preview":"max-image-preview:large","max-video-preview":"max-video-preview:-1"},"canonical":"https:\/\/sacraexperience.com\/gl\/el-proyecto\/","og_locale":"gl_ES","og_type":"article","og_title":"O proxecto - Sacra Experience","og_description":"A cultura como motor para favorecer o progreso social a trav\u00e9s da posta en valor dun espazo \u00fanico e marco inigualable como a Ribeira Sacra, os seus vi\u00f1os, produtos, espazos, territorio e xente. A arte como factor vital na construci\u00f3n e fortalecemento, tanto dos lazos sociais e da comunidade, como da identidade individual e persoal. [&hellip;]","og_url":"https:\/\/sacraexperience.com\/gl\/el-proyecto\/","og_site_name":"Sacra Experience","article_modified_time":"2024-05-06T16:41:38+00:00","twitter_card":"summary_large_image","schema":{"@context":"https:\/\/schema.org","@graph":[{"@type":"WebPage","@id":"https:\/\/sacraexperience.com\/gl\/el-proyecto\/","url":"https:\/\/sacraexperience.com\/gl\/el-proyecto\/","name":"O proxecto - Sacra Experience","isPartOf":{"@id":"https:\/\/sacraexperience.com\/#website"},"datePublished":"2021-02-24T08:04:07+00:00","dateModified":"2024-05-06T16:41:38+00:00","breadcrumb":{"@id":"https:\/\/sacraexperience.com\/gl\/el-proyecto\/#breadcrumb"},"inLanguage":"gl-ES","potentialAction":[{"@type":"ReadAction","target":["https:\/\/sacraexperience.com\/gl\/el-proyecto\/"]}]},{"@type":"BreadcrumbList","@id":"https:\/\/sacraexperience.com\/gl\/el-proyecto\/#breadcrumb","itemListElement":[{"@type":"ListItem","position":1,"name":"Portada","item":"https:\/\/sacraexperience.com\/gl\/inicio\/"},{"@type":"ListItem","position":2,"name":"O proxecto"}]},{"@type":"WebSite","@id":"https:\/\/sacraexperience.com\/#website","url":"https:\/\/sacraexperience.com\/","name":"Sacra Experience","description":"Cultura, arte y comunidad","potentialAction":[{"@type":"SearchAction","target":{"@type":"EntryPoint","urlTemplate":"https:\/\/sacraexperience.com\/?s={search_term_string}"},"query-input":{"@type":"PropertyValueSpecification","valueRequired":true,"valueName":"search_term_string"}}],"inLanguage":"gl-ES"}]}},"_links":{"self":[{"href":"https:\/\/sacraexperience.com\/gl\/wp-json\/wp\/v2\/pages\/2333","targetHints":{"allow":["GET"]}}],"collection":[{"href":"https:\/\/sacraexperience.com\/gl\/wp-json\/wp\/v2\/pages"}],"about":[{"href":"https:\/\/sacraexperience.com\/gl\/wp-json\/wp\/v2\/types\/page"}],"author":[{"embeddable":true,"href":"https:\/\/sacraexperience.com\/gl\/wp-json\/wp\/v2\/users\/4"}],"replies":[{"embeddable":true,"href":"https:\/\/sacraexperience.com\/gl\/wp-json\/wp\/v2\/comments?post=2333"}],"version-history":[{"count":16,"href":"https:\/\/sacraexperience.com\/gl\/wp-json\/wp\/v2\/pages\/2333\/revisions"}],"predecessor-version":[{"id":3550,"href":"https:\/\/sacraexperience.com\/gl\/wp-json\/wp\/v2\/pages\/2333\/revisions\/3550"}],"wp:attachment":[{"href":"https:\/\/sacraexperience.com\/gl\/wp-json\/wp\/v2\/media?parent=2333"}],"curies":[{"name":"wp","href":"https:\/\/api.w.org\/{rel}","templated":true}]}}