{"id":2503,"date":"2022-04-25T14:43:38","date_gmt":"2022-04-25T12:43:38","guid":{"rendered":"https:\/\/sacraexperience.com\/?page_id=2503"},"modified":"2023-08-09T12:23:10","modified_gmt":"2023-08-09T10:23:10","slug":"a-terraza-do-pincelo","status":"publish","type":"page","link":"https:\/\/sacraexperience.com\/gl\/a-terraza-do-pincelo\/","title":{"rendered":"A Terraza do Pincelo"},"content":{"rendered":"<p>[et_pb_section fb_built=&#8221;1&#8243; fullwidth=&#8221;on&#8221; _builder_version=&#8221;4.17.3&#8243; _module_preset=&#8221;default&#8221; animation_style=&#8221;fade&#8221; global_colors_info=&#8221;{}&#8221;][et_pb_fullwidth_slider _builder_version=&#8221;4.21.0&#8243; _module_preset=&#8221;default&#8221; animation_style=&#8221;fade&#8221; auto=&#8221;on&#8221; auto_speed=&#8221;3000&#8243; global_colors_info=&#8221;{}&#8221;][et_pb_slide admin_title=&#8221;2&#8243; _builder_version=&#8221;4.21.0&#8243; _module_preset=&#8221;default&#8221; background_image=&#8221;https:\/\/sacraexperience.com\/wp-content\/uploads\/2023\/07\/terraza-en-el-pincelo.jpg&#8221; background_enable_image=&#8221;on&#8221; global_colors_info=&#8221;{}&#8221; sticky_transition=&#8221;on&#8221;][\/et_pb_slide][et_pb_slide admin_title=&#8221;1&#8243; _builder_version=&#8221;4.17.2&#8243; _module_preset=&#8221;default&#8221; background_image=&#8221;https:\/\/sacraexperience.com\/wp-content\/uploads\/2022\/04\/o-pincelo-ribeira-sacra.jpeg&#8221; background_enable_image=&#8221;on&#8221; global_colors_info=&#8221;{}&#8221; sticky_transition=&#8221;on&#8221;][\/et_pb_slide][\/et_pb_fullwidth_slider][\/et_pb_section][et_pb_section fb_built=&#8221;1&#8243; _builder_version=&#8221;4.16&#8243; _module_preset=&#8221;default&#8221; background_color=&#8221;#282a2d&#8221; global_colors_info=&#8221;{}&#8221;][et_pb_row column_structure=&#8221;3_5,2_5&#8243; _builder_version=&#8221;4.16&#8243; _module_preset=&#8221;default&#8221; global_colors_info=&#8221;{}&#8221;][et_pb_column type=&#8221;3_5&#8243; _builder_version=&#8221;4.16&#8243; _module_preset=&#8221;default&#8221; global_colors_info=&#8221;{}&#8221;][et_pb_text _builder_version=&#8221;4.17.2&#8243; _module_preset=&#8221;default&#8221; text_text_color=&#8221;#afafaf&#8221; text_line_height=&#8221;1.9em&#8221; header_2_text_color=&#8221;#d6d6d6&#8243; header_2_font_size=&#8221;33px&#8221; custom_padding=&#8221;||29px|||&#8221; text_text_shadow_style=&#8221;preset2&#8243; global_colors_info=&#8221;{}&#8221;]<\/p>\n<div class=\"fusion-text fusion-text-1\">\n<h2><b>A Terraza do Pincelo<\/b><\/h2>\n<\/div>\n<p>[\/et_pb_text][et_pb_text _builder_version=&#8221;4.21.2&#8243; _module_preset=&#8221;default&#8221; text_text_color=&#8221;#afafaf&#8221; text_line_height=&#8221;1.9em&#8221; header_2_text_color=&#8221;#d6d6d6&#8243; header_3_font=&#8221;Montserrat||||||||&#8221; header_3_text_color=&#8221;#dddddd&#8221; header_3_font_size=&#8221;18px&#8221; header_3_line_height=&#8221;1.2em&#8221; custom_margin=&#8221;-19px|||||&#8221; custom_padding=&#8221;||37px|||&#8221; hover_enabled=&#8221;0&#8243; text_text_shadow_style=&#8221;preset2&#8243; global_colors_info=&#8221;{}&#8221; sticky_enabled=&#8221;0&#8243;]<\/p>\n<h2 class=\"fusion-responsive-typography-calculated\" data-fontsize=\"36\" data-lineheight=\"43.92px\"><b>Reservar Mesa<\/b><\/h2>\n<p>Evita esperas e reserva a t\u00faa mesa na nosa Famosa&#8221; A\u00a0 Terraza do Pincelo&#8221; na Ribeira Sacra.<\/p>\n<p>Reserva directa en li\u00f1a, sen esperas. Goza dunha contorna \u00fanica na Ribeira Sacra.<\/p>\n<p>&nbsp;<\/p>\n<h3>HORARIOS:<\/h3>\n<h3>Comidas: 13:00-17:00h<\/h3>\n<h3>Ceas: 20:00-24:00h<\/h3>\n<h3><span style=\"color: #99cc00;\">Tel\u00e9fono: 610 53 84 43<\/span><\/h3>\n<p>[\/et_pb_text][et_pb_text _builder_version=&#8221;4.21.0&#8243; _module_preset=&#8221;default&#8221; text_text_color=&#8221;#e0c9aa&#8221; text_line_height=&#8221;1.9em&#8221; header_2_text_color=&#8221;#d6d6d6&#8243; header_3_font=&#8221;Montserrat||||||||&#8221; header_3_text_color=&#8221;#e0b757&#8243; header_3_font_size=&#8221;18px&#8221; header_3_line_height=&#8221;1.2em&#8221; background_color=&#8221;rgba(255,255,255,0.07)&#8221; custom_margin=&#8221;||||false|false&#8221; custom_padding=&#8221;20px|20px|20px|20px|false|false&#8221; text_text_shadow_style=&#8221;preset2&#8243; border_width_all=&#8221;3px&#8221; border_color_all=&#8221;rgba(0,0,0,0.3)&#8221; border_style_all=&#8221;dashed&#8221; locked=&#8221;off&#8221; global_colors_info=&#8221;{}&#8221;]<\/p>\n<h3>VER\u00c1N 2023<\/h3>\n<p><b>DO 24 DE XU\u00d1O AO 1 DE OUTUBRO: ABERTO DE M\u00c9RCORES A DOMINGO<\/b><span style=\"font-size: 14px;\">\u00a0<\/span><\/p>\n<p><b><\/b><\/p>\n<h3>OUTONO 2023 &#8211; INVERNO 2024<\/h3>\n<p><b>DO 6 DE OUTUBRO AO 23 DE MARZO: ABERTO DE M\u00c9RCORES A DOMINGO<\/b><\/p>\n<p>[\/et_pb_text][\/et_pb_column][et_pb_column type=&#8221;2_5&#8243; _builder_version=&#8221;4.16&#8243; _module_preset=&#8221;default&#8221; global_colors_info=&#8221;{}&#8221;][et_pb_text _builder_version=&#8221;4.17.2&#8243; _module_preset=&#8221;default&#8221; global_colors_info=&#8221;{}&#8221;][booked-calendar calendar=162]<br \/>\n[\/et_pb_text][\/et_pb_column][\/et_pb_row][et_pb_row column_structure=&#8221;1_2,1_2&#8243; _builder_version=&#8221;4.16&#8243; _module_preset=&#8221;default&#8221; locked=&#8221;off&#8221; global_colors_info=&#8221;{}&#8221;][et_pb_column type=&#8221;1_2&#8243; _builder_version=&#8221;4.16&#8243; _module_preset=&#8221;default&#8221; global_colors_info=&#8221;{}&#8221;][et_pb_text _builder_version=&#8221;4.17.3&#8243; _module_preset=&#8221;default&#8221; text_text_color=&#8221;#afafaf&#8221; text_line_height=&#8221;1.9em&#8221; header_2_text_color=&#8221;#d6d6d6&#8243; header_2_font_size=&#8221;33px&#8221; custom_margin=&#8221;||-1px|||&#8221; custom_padding=&#8221;||29px|||&#8221; text_text_shadow_style=&#8221;preset2&#8243; global_colors_info=&#8221;{}&#8221;]<\/p>\n<div class=\"fusion-text fusion-text-1\">\n<h2 style=\"text-align: center;\"><b>Carta<\/b><\/h2>\n<\/div>\n<p>[\/et_pb_text][et_pb_image src=&#8221;https:\/\/sacraexperience.com\/wp-content\/uploads\/2022\/05\/carta-a-terraza-do-pincelo.jpg&#8221; alt=&#8221;Carta %22A terraza do pincelo%22&#8243; title_text=&#8221;Carta %22A terraza do pincelo%22&#8243; url=&#8221;@ET-DC@eyJkeW5hbWljIjp0cnVlLCJjb250ZW50IjoicG9zdF9saW5rX3VybF9hdHRhY2htZW50Iiwic2V0dGluZ3MiOnsicG9zdF9pZCI6IjI1NDYifX0=@&#8221; _builder_version=&#8221;4.17.4&#8243; _dynamic_attributes=&#8221;url&#8221; _module_preset=&#8221;default&#8221; global_colors_info=&#8221;{}&#8221;][\/et_pb_image][\/et_pb_column][et_pb_column type=&#8221;1_2&#8243; _builder_version=&#8221;4.16&#8243; _module_preset=&#8221;default&#8221; global_colors_info=&#8221;{}&#8221;][et_pb_text _builder_version=&#8221;4.17.3&#8243; _module_preset=&#8221;default&#8221; text_text_color=&#8221;#afafaf&#8221; text_line_height=&#8221;1.9em&#8221; header_2_text_color=&#8221;#d6d6d6&#8243; header_2_font_size=&#8221;33px&#8221; custom_padding=&#8221;||29px|||&#8221; text_text_shadow_style=&#8221;preset2&#8243; global_colors_info=&#8221;{}&#8221;]<\/p>\n<div class=\"fusion-text fusion-text-1\">\n<h2 style=\"text-align: center;\"><b>Men\u00fas<\/b><\/h2>\n<\/div>\n<p>[\/et_pb_text][et_pb_image src=&#8221;https:\/\/sacraexperience.com\/wp-content\/uploads\/2022\/05\/menus-a-terraza-do-pincelo.jpg&#8221; alt=&#8221;Men\u00fas %22A Terraza do Pincelo%22&#8243; title_text=&#8221;menus-a-terraza-do-pincelo&#8221; url=&#8221;@ET-DC@eyJkeW5hbWljIjp0cnVlLCJjb250ZW50IjoicG9zdF9saW5rX3VybF9hdHRhY2htZW50Iiwic2V0dGluZ3MiOnsicG9zdF9pZCI6IjI1NDgifX0=@&#8221; _builder_version=&#8221;4.17.4&#8243; _dynamic_attributes=&#8221;url&#8221; _module_preset=&#8221;default&#8221; custom_margin=&#8221;-30px|||||&#8221; global_colors_info=&#8221;{}&#8221;][\/et_pb_image][\/et_pb_column][\/et_pb_row][et_pb_row _builder_version=&#8221;4.16&#8243; _module_preset=&#8221;default&#8221; global_colors_info=&#8221;{}&#8221;][et_pb_column type=&#8221;4_4&#8243; _builder_version=&#8221;4.16&#8243; _module_preset=&#8221;default&#8221; global_colors_info=&#8221;{}&#8221;][et_pb_text _builder_version=&#8221;4.17.3&#8243; _module_preset=&#8221;default&#8221; text_text_color=&#8221;#afafaf&#8221; text_line_height=&#8221;1.9em&#8221; header_2_text_color=&#8221;#d6d6d6&#8243; header_2_font_size=&#8221;33px&#8221; custom_padding=&#8221;||29px|||&#8221; text_text_shadow_style=&#8221;preset2&#8243; global_colors_info=&#8221;{}&#8221;]<\/p>\n<div class=\"fusion-text fusion-text-1\">\n<h2><b>Imaxes de &#8220;A Terraza do Pincelo&#8221;<\/b><\/h2>\n<\/div>\n<p>[\/et_pb_text][et_pb_gallery gallery_ids=&#8221;2450,2464,2462,2460,2458,2456,2454,2452&#8243; posts_number=&#8221;8&#8243; show_title_and_caption=&#8221;off&#8221; show_pagination=&#8221;off&#8221; _builder_version=&#8221;4.17.3&#8243; _module_preset=&#8221;default&#8221; global_colors_info=&#8221;{}&#8221;][\/et_pb_gallery][\/et_pb_column][\/et_pb_row][\/et_pb_section][et_pb_section fb_built=&#8221;1&#8243; _builder_version=&#8221;4.16&#8243; _module_preset=&#8221;default&#8221; background_color=&#8221;#282a2d&#8221; global_colors_info=&#8221;{}&#8221;][et_pb_row column_structure=&#8221;3_5,2_5&#8243; _builder_version=&#8221;4.16&#8243; _module_preset=&#8221;default&#8221; global_colors_info=&#8221;{}&#8221;][et_pb_column type=&#8221;3_5&#8243; _builder_version=&#8221;4.16&#8243; _module_preset=&#8221;default&#8221; global_colors_info=&#8221;{}&#8221;][et_pb_text _builder_version=&#8221;4.16&#8243; _module_preset=&#8221;default&#8221; global_colors_info=&#8221;{}&#8221;]<iframe loading=\"lazy\" style=\"border: 0;\" src=\"https:\/\/www.google.com\/maps\/embed?pb=!1m18!1m12!1m3!1d2938.3743173891276!2d-7.729275484537054!3d42.56857687917326!2m3!1f0!2f0!3f0!3m2!1i1024!2i768!4f13.1!3m3!1m2!1s0xd301ffeb701f617%3A0xb941b0e10394fa74!2sSacra%20Experience!5e0!3m2!1ses!2ses!4v1647364252065!5m2!1ses!2ses\" width=\"1600\" height=\"450\" allowfullscreen=\"allowfullscreen\" data-mce-fragment=\"1\"><\/iframe>[\/et_pb_text][\/et_pb_column][et_pb_column type=&#8221;2_5&#8243; _builder_version=&#8221;4.16&#8243; _module_preset=&#8221;default&#8221; global_colors_info=&#8221;{}&#8221;][et_pb_text admin_label=&#8221;Subtitle&#8221; _builder_version=&#8221;4.17.3&#8243; text_font=&#8221;Montserrat||||&#8221; text_text_color=&#8221;#000000&#8243; text_font_size=&#8221;16px&#8221; text_line_height=&#8221;1.8em&#8221; header_font=&#8221;||||||||&#8221; header_2_text_color=&#8221;rgba(255,255,255,0.92)&#8221; header_2_font_size=&#8221;32px&#8221; background_size=&#8221;initial&#8221; background_position=&#8221;top_left&#8221; background_repeat=&#8221;repeat&#8221; text_orientation=&#8221;justified&#8221; module_alignment=&#8221;center&#8221; custom_margin=&#8221;||||false|false&#8221; custom_padding=&#8221;0px||||false|false&#8221; animation_style=&#8221;slide&#8221; animation_direction=&#8221;bottom&#8221; animation_delay=&#8221;100ms&#8221; animation_intensity_slide=&#8221;4%&#8221; border_width_bottom=&#8221;1px&#8221; border_color_bottom=&#8221;rgba(255,255,255,0.27)&#8221; locked=&#8221;off&#8221; global_colors_info=&#8221;{}&#8221;]<\/p>\n<h2>Como Chegar?<\/h2>\n<p>[\/et_pb_text][et_pb_text admin_label=&#8221;Subtitle&#8221; _builder_version=&#8221;4.17.3&#8243; text_font=&#8221;Montserrat||||&#8221; text_text_color=&#8221;rgba(239,239,239,0.79)&#8221; text_font_size=&#8221;16px&#8221; text_line_height=&#8221;1.8em&#8221; header_font=&#8221;||||||||&#8221; background_size=&#8221;initial&#8221; background_position=&#8221;top_left&#8221; background_repeat=&#8221;repeat&#8221; text_orientation=&#8221;justified&#8221; module_alignment=&#8221;center&#8221; custom_margin=&#8221;||||false|false&#8221; custom_padding=&#8221;||||false|false&#8221; animation_style=&#8221;slide&#8221; animation_direction=&#8221;bottom&#8221; animation_delay=&#8221;100ms&#8221; animation_intensity_slide=&#8221;4%&#8221; locked=&#8221;off&#8221; global_colors_info=&#8221;{}&#8221;]<\/p>\n<p>Preto do emblem\u00e1tico pobo de Belesar e a 5 km da praia fluvial d\u00e1 Cova est\u00e1 esta aldea id\u00edlica. Un espazo de calma e tranquilidade a p\u00e9 de r\u00edo, con vistas repletas de paz e natureza.<\/p>\n<p>[\/et_pb_text][\/et_pb_column][\/et_pb_row][\/et_pb_section]<\/p>\n","protected":false},"excerpt":{"rendered":"<p>A Terraza do Pincelo Reservar Mesa Evita esperas e reserva a t\u00faa mesa na nosa Famosa&#8221; A\u00a0 Terraza do Pincelo&#8221; na Ribeira Sacra. Reserva directa en li\u00f1a, sen esperas. Goza dunha contorna \u00fanica na Ribeira Sacra. &nbsp; HORARIOS: Comidas: 13:00-17:00h Ceas: 20:00-24:00h Tel\u00e9fono: 610 53 84 43VER\u00c1N 2023 DO 24 DE XU\u00d1O AO 1 DE [&hellip;]<\/p>\n","protected":false},"author":4,"featured_media":2489,"parent":0,"menu_order":0,"comment_status":"closed","ping_status":"closed","template":"","meta":{"_et_pb_use_builder":"on","_et_pb_old_content":"","_et_gb_content_width":"","footnotes":""},"class_list":["post-2503","page","type-page","status-publish","has-post-thumbnail","hentry"],"yoast_head":"<!-- This site is optimized with the Yoast SEO plugin v27.4 - https:\/\/yoast.com\/product\/yoast-seo-wordpress\/ -->\n<title>A Terraza do Pincelo - Sacra Experience<\/title>\n<meta name=\"description\" content=\"Co\u00f1ece a famosa &quot;A Terraza do Pincelo&quot;. Reserva a t\u00faa mesa para comer ou cear nun dos lugares m\u00e1is emblem\u00e1ticos da Ribeira Sacra.\" \/>\n<meta name=\"robots\" content=\"index, follow, max-snippet:-1, max-image-preview:large, max-video-preview:-1\" \/>\n<link rel=\"canonical\" href=\"https:\/\/sacraexperience.com\/a-terraza-do-pincelo\/\" \/>\n<meta property=\"og:locale\" content=\"gl_ES\" \/>\n<meta property=\"og:type\" content=\"article\" \/>\n<meta property=\"og:title\" content=\"A Terraza do Pincelo - Sacra Experience\" \/>\n<meta property=\"og:description\" content=\"Co\u00f1ece a famosa &quot;A Terraza do Pincelo&quot;. Reserva a t\u00faa mesa para comer ou cear nun dos lugares m\u00e1is emblem\u00e1ticos da Ribeira Sacra.\" \/>\n<meta property=\"og:url\" content=\"https:\/\/sacraexperience.com\/a-terraza-do-pincelo\/\" \/>\n<meta property=\"og:site_name\" content=\"Sacra Experience\" \/>\n<meta property=\"article:modified_time\" content=\"2023-08-09T10:23:10+00:00\" \/>\n<meta property=\"og:image\" content=\"https:\/\/sacraexperience.com\/wp-content\/uploads\/2022\/04\/menus-a-terraza-do-pincelo.jpg\" \/>\n\t<meta property=\"og:image:width\" content=\"900\" \/>\n\t<meta property=\"og:image:height\" content=\"636\" \/>\n\t<meta property=\"og:image:type\" content=\"image\/jpeg\" \/>\n<meta name=\"twitter:card\" content=\"summary_large_image\" \/>\n<meta name=\"twitter:label1\" content=\"Tempo de lectura\" \/>\n\t<meta name=\"twitter:data1\" content=\"2 minutos\" \/>\n<script type=\"application\/ld+json\" class=\"yoast-schema-graph\">{\"@context\":\"https:\\\/\\\/schema.org\",\"@graph\":[{\"@type\":\"WebPage\",\"@id\":\"https:\\\/\\\/sacraexperience.com\\\/a-terraza-do-pincelo\\\/\",\"url\":\"https:\\\/\\\/sacraexperience.com\\\/a-terraza-do-pincelo\\\/\",\"name\":\"A Terraza do Pincelo - Sacra Experience\",\"isPartOf\":{\"@id\":\"https:\\\/\\\/sacraexperience.com\\\/#website\"},\"primaryImageOfPage\":{\"@id\":\"https:\\\/\\\/sacraexperience.com\\\/a-terraza-do-pincelo\\\/#primaryimage\"},\"image\":{\"@id\":\"https:\\\/\\\/sacraexperience.com\\\/a-terraza-do-pincelo\\\/#primaryimage\"},\"thumbnailUrl\":\"https:\\\/\\\/sacraexperience.com\\\/wp-content\\\/uploads\\\/2022\\\/04\\\/menus-a-terraza-do-pincelo.jpg\",\"datePublished\":\"2022-04-25T12:43:38+00:00\",\"dateModified\":\"2023-08-09T10:23:10+00:00\",\"description\":\"Co\u00f1ece a famosa \\\"A Terraza do Pincelo\\\". Reserva a t\u00faa mesa para comer ou cear nun dos lugares m\u00e1is emblem\u00e1ticos da Ribeira Sacra.\",\"breadcrumb\":{\"@id\":\"https:\\\/\\\/sacraexperience.com\\\/a-terraza-do-pincelo\\\/#breadcrumb\"},\"inLanguage\":\"gl-ES\",\"potentialAction\":[{\"@type\":\"ReadAction\",\"target\":[\"https:\\\/\\\/sacraexperience.com\\\/a-terraza-do-pincelo\\\/\"]}]},{\"@type\":\"ImageObject\",\"inLanguage\":\"gl-ES\",\"@id\":\"https:\\\/\\\/sacraexperience.com\\\/a-terraza-do-pincelo\\\/#primaryimage\",\"url\":\"https:\\\/\\\/sacraexperience.com\\\/wp-content\\\/uploads\\\/2022\\\/04\\\/menus-a-terraza-do-pincelo.jpg\",\"contentUrl\":\"https:\\\/\\\/sacraexperience.com\\\/wp-content\\\/uploads\\\/2022\\\/04\\\/menus-a-terraza-do-pincelo.jpg\",\"width\":900,\"height\":636,\"caption\":\"Men\u00fas \\\"A Terraza do Pincelo\\\"\"},{\"@type\":\"BreadcrumbList\",\"@id\":\"https:\\\/\\\/sacraexperience.com\\\/a-terraza-do-pincelo\\\/#breadcrumb\",\"itemListElement\":[{\"@type\":\"ListItem\",\"position\":1,\"name\":\"Portada\",\"item\":\"https:\\\/\\\/sacraexperience.com\\\/gl\\\/inicio\\\/\"},{\"@type\":\"ListItem\",\"position\":2,\"name\":\"A Terraza do Pincelo\"}]},{\"@type\":\"WebSite\",\"@id\":\"https:\\\/\\\/sacraexperience.com\\\/#website\",\"url\":\"https:\\\/\\\/sacraexperience.com\\\/\",\"name\":\"Sacra Experience\",\"description\":\"Cultura, arte y comunidad\",\"potentialAction\":[{\"@type\":\"SearchAction\",\"target\":{\"@type\":\"EntryPoint\",\"urlTemplate\":\"https:\\\/\\\/sacraexperience.com\\\/?s={search_term_string}\"},\"query-input\":{\"@type\":\"PropertyValueSpecification\",\"valueRequired\":true,\"valueName\":\"search_term_string\"}}],\"inLanguage\":\"gl-ES\"}]}<\/script>\n<!-- \/ Yoast SEO plugin. -->","yoast_head_json":{"title":"A Terraza do Pincelo - Sacra Experience","description":"Co\u00f1ece a famosa \"A Terraza do Pincelo\". Reserva a t\u00faa mesa para comer ou cear nun dos lugares m\u00e1is emblem\u00e1ticos da Ribeira Sacra.","robots":{"index":"index","follow":"follow","max-snippet":"max-snippet:-1","max-image-preview":"max-image-preview:large","max-video-preview":"max-video-preview:-1"},"canonical":"https:\/\/sacraexperience.com\/a-terraza-do-pincelo\/","og_locale":"gl_ES","og_type":"article","og_title":"A Terraza do Pincelo - Sacra Experience","og_description":"Co\u00f1ece a famosa \"A Terraza do Pincelo\". Reserva a t\u00faa mesa para comer ou cear nun dos lugares m\u00e1is emblem\u00e1ticos da Ribeira Sacra.","og_url":"https:\/\/sacraexperience.com\/a-terraza-do-pincelo\/","og_site_name":"Sacra Experience","article_modified_time":"2023-08-09T10:23:10+00:00","og_image":[{"width":900,"height":636,"url":"https:\/\/sacraexperience.com\/wp-content\/uploads\/2022\/04\/menus-a-terraza-do-pincelo.jpg","type":"image\/jpeg"}],"twitter_card":"summary_large_image","twitter_misc":{"Tempo de lectura":"2 minutos"},"schema":{"@context":"https:\/\/schema.org","@graph":[{"@type":"WebPage","@id":"https:\/\/sacraexperience.com\/a-terraza-do-pincelo\/","url":"https:\/\/sacraexperience.com\/a-terraza-do-pincelo\/","name":"A Terraza do Pincelo - Sacra Experience","isPartOf":{"@id":"https:\/\/sacraexperience.com\/#website"},"primaryImageOfPage":{"@id":"https:\/\/sacraexperience.com\/a-terraza-do-pincelo\/#primaryimage"},"image":{"@id":"https:\/\/sacraexperience.com\/a-terraza-do-pincelo\/#primaryimage"},"thumbnailUrl":"https:\/\/sacraexperience.com\/wp-content\/uploads\/2022\/04\/menus-a-terraza-do-pincelo.jpg","datePublished":"2022-04-25T12:43:38+00:00","dateModified":"2023-08-09T10:23:10+00:00","description":"Co\u00f1ece a famosa \"A Terraza do Pincelo\". Reserva a t\u00faa mesa para comer ou cear nun dos lugares m\u00e1is emblem\u00e1ticos da Ribeira Sacra.","breadcrumb":{"@id":"https:\/\/sacraexperience.com\/a-terraza-do-pincelo\/#breadcrumb"},"inLanguage":"gl-ES","potentialAction":[{"@type":"ReadAction","target":["https:\/\/sacraexperience.com\/a-terraza-do-pincelo\/"]}]},{"@type":"ImageObject","inLanguage":"gl-ES","@id":"https:\/\/sacraexperience.com\/a-terraza-do-pincelo\/#primaryimage","url":"https:\/\/sacraexperience.com\/wp-content\/uploads\/2022\/04\/menus-a-terraza-do-pincelo.jpg","contentUrl":"https:\/\/sacraexperience.com\/wp-content\/uploads\/2022\/04\/menus-a-terraza-do-pincelo.jpg","width":900,"height":636,"caption":"Men\u00fas \"A Terraza do Pincelo\""},{"@type":"BreadcrumbList","@id":"https:\/\/sacraexperience.com\/a-terraza-do-pincelo\/#breadcrumb","itemListElement":[{"@type":"ListItem","position":1,"name":"Portada","item":"https:\/\/sacraexperience.com\/gl\/inicio\/"},{"@type":"ListItem","position":2,"name":"A Terraza do Pincelo"}]},{"@type":"WebSite","@id":"https:\/\/sacraexperience.com\/#website","url":"https:\/\/sacraexperience.com\/","name":"Sacra Experience","description":"Cultura, arte y comunidad","potentialAction":[{"@type":"SearchAction","target":{"@type":"EntryPoint","urlTemplate":"https:\/\/sacraexperience.com\/?s={search_term_string}"},"query-input":{"@type":"PropertyValueSpecification","valueRequired":true,"valueName":"search_term_string"}}],"inLanguage":"gl-ES"}]}},"_links":{"self":[{"href":"https:\/\/sacraexperience.com\/gl\/wp-json\/wp\/v2\/pages\/2503","targetHints":{"allow":["GET"]}}],"collection":[{"href":"https:\/\/sacraexperience.com\/gl\/wp-json\/wp\/v2\/pages"}],"about":[{"href":"https:\/\/sacraexperience.com\/gl\/wp-json\/wp\/v2\/types\/page"}],"author":[{"embeddable":true,"href":"https:\/\/sacraexperience.com\/gl\/wp-json\/wp\/v2\/users\/4"}],"replies":[{"embeddable":true,"href":"https:\/\/sacraexperience.com\/gl\/wp-json\/wp\/v2\/comments?post=2503"}],"version-history":[{"count":12,"href":"https:\/\/sacraexperience.com\/gl\/wp-json\/wp\/v2\/pages\/2503\/revisions"}],"predecessor-version":[{"id":3035,"href":"https:\/\/sacraexperience.com\/gl\/wp-json\/wp\/v2\/pages\/2503\/revisions\/3035"}],"wp:featuredmedia":[{"embeddable":true,"href":"https:\/\/sacraexperience.com\/gl\/wp-json\/wp\/v2\/media\/2489"}],"wp:attachment":[{"href":"https:\/\/sacraexperience.com\/gl\/wp-json\/wp\/v2\/media?parent=2503"}],"curies":[{"name":"wp","href":"https:\/\/api.w.org\/{rel}","templated":true}]}}