{"id":2763,"date":"2023-04-27T17:05:53","date_gmt":"2023-04-27T15:05:53","guid":{"rendered":"https:\/\/sacraexperience.com\/aldea-nova-ribeiro-ribeira\/"},"modified":"2024-04-09T01:39:15","modified_gmt":"2024-04-08T23:39:15","slug":"aldea-nova-ribeiro-ribeira","status":"publish","type":"page","link":"https:\/\/sacraexperience.com\/gl\/aldea-nova-ribeiro-ribeira\/","title":{"rendered":"Aldea Nova Ribeiro Ribeira"},"content":{"rendered":"<p>[et_pb_section fb_built=&#8221;1&#8243; _builder_version=&#8221;4.16&#8243; _module_preset=&#8221;default&#8221; background_color=&#8221;#282a2d&#8221; global_colors_info=&#8221;{}&#8221;][et_pb_row _builder_version=&#8221;4.16&#8243; _module_preset=&#8221;default&#8221; global_colors_info=&#8221;{}&#8221;][et_pb_column type=&#8221;4_4&#8243; _builder_version=&#8221;4.16&#8243; _module_preset=&#8221;default&#8221; global_colors_info=&#8221;{}&#8221;][\/et_pb_column][\/et_pb_row][et_pb_row _builder_version=&#8221;4.16&#8243; _module_preset=&#8221;default&#8221; global_colors_info=&#8221;{}&#8221;][et_pb_column type=&#8221;4_4&#8243; _builder_version=&#8221;4.16&#8243; _module_preset=&#8221;default&#8221; global_colors_info=&#8221;{}&#8221;][et_pb_text _builder_version=&#8221;4.20.2&#8243; _module_preset=&#8221;default&#8221; text_text_color=&#8221;#afafaf&#8221; text_font_size=&#8221;16px&#8221; text_line_height=&#8221;1.9em&#8221; link_text_color=&#8221;#a39200&#8243; header_2_text_color=&#8221;#d6d6d6&#8243; custom_padding=&#8221;||37px|||&#8221; text_text_shadow_style=&#8221;preset2&#8243; global_colors_info=&#8221;{}&#8221;]<\/p>\n<h2>\u00bfQu\u00e9 es? El Proyecto<\/h2>\n<p>Aldea Nova Ribeiro &#8211; Ribeira es un proyecto socio cultural de alianza entre dos territorios de las provincias de Lugo y Ourense, la Comarca del Ribeiro y varios ayuntamientos de los que conforman la Ribeira Sacra. Existen dos iniciativas ya en funcionamiento que dan forma a esta alianza: Sacra Experience, en el lugar de Pincelo, Chantada (Ribeira Sacra) y Ribeiro LandArt en Ber\u00e1n, en el ayuntamiento Leiro (Comarca del Ribeiro). <a href=\"http:\/\/www.agadic.gal\/gfx\/Blog\/files\/Resoluci%C3%B3n%20TERRITORIO%20CULT_sda.pdf\" target=\"_blank\" rel=\"noopener\">Proyecto subvencionado con las ayudas para ampliar y diversificar la oferta cultural en \u00e1reas no urbanas Territorio Cultura<\/a>.<\/p>\n<p>Es un proyecto de alianzas y redes entre diferentes ayuntamientos que vinculan a aldeas de hasta un m\u00e1ximo de 50 habitantes, algunas de ellas con solo 6 habitantes y que propone adem\u00e1s una programaci\u00f3n cultural expandida que conecta el entorno rural con el entorno urbano.<\/p>\n<p>En Aldea Nova Ribeiro-Ribeira caben todo tipo de iniciativas, desde los proyectos m\u00e1s puramente medioambientales que relacionan Arte y Ciencia, pasando por aquellos que ponen el foco en las peque\u00f1as comunidades disgregadas o en las aldeas cerca del R\u00edo Mi\u00f1o, y tambi\u00e9n aquellas iniciativas que sirven para acercar a de estos territorios a los agentes y artistas nacionales e internacionales.<\/p>\n<p>Ellos ayudan a poner en valor el paisaje y el patrimonio material e inmaterial m\u00e1s all\u00e1 de nuestras fronteras, a trav\u00e9s de las residencias art\u00edsticas programadas y otras actividades. Todas estas alianzas finalizan con una puesta en valor del territorio y con una investigaci\u00f3n de sus gentes.<\/p>\n<p>Analizamos sus modos de vida que vinculan tradici\u00f3n y modernidad, as\u00ed como la vinculaci\u00f3n entre la infancia\/juventud con nuestros mayores. Tambi\u00e9n pone el foco en la naturaleza, tan importante en estos tiempos excesivamente virtuales, que no se alejan muchas veces de la vida real y mismo puede ocasionar patolog\u00edas f\u00edsicas y mentales en la adolescencia.<\/p>\n<h2>\u00bfQu\u00e9 pretende? Objetivos: Innovaci\u00f3n y transformaci\u00f3n<\/h2>\n<p>Aldea Nova Ribeiro-Ribeira nace como un proyecto que busca reforzar y desenvolver las diversas capacidades del sector cultural para alcanzar un tejido s\u00f3lido m\u00e1s all\u00e1 de los grandes n\u00facleos urbanos y m\u00e1s all\u00e1 del eje Atl\u00e1ntico, donde ocurren la mayor parte de los actos culturales de Galicia.<\/p>\n<p>Lo que se pretende es incrementar la actividad cultural en los territorios deshabitados, o los que tienen una alta despoblaci\u00f3n, es decir, aquellas aldeas de menos de 200 habitantes. Aldea Nova Ribeiro-Ribeira es una iniciativa entendida c\u00f3mo motor de cambio, dinamizaci\u00f3n y transformaci\u00f3n social.<\/p>\n<p>Promover la dinamizaci\u00f3n, la modernizaci\u00f3n y la innovaci\u00f3n de los sectores y agentes culturales y creativos que operan en el medio rural, favoreciendo la generaci\u00f3n de empleo, la profesionalizaci\u00f3n y la creaci\u00f3n de redes profesionales locales, regionales y nacionales, as\u00ed como ayudar a la consecuci\u00f3n de la igualdad de g\u00e9nero. Favorecer la diversidad cultural, as\u00ed como el di\u00e1logo y el intercambio rural-urbano.<\/p>\n<p>Aldea Nova Ribeiro-Ribeira cuida del paisaje y respeta el territorio. Lugares como La Ribeira Sacra, nombrados Reserva de la Biosfera deben ser cuidados por todos. Por eso, centrar\u00e1 parte de su programaci\u00f3n regular en Talleres Medioambientales, Encuentros y Congresos sobre Gesti\u00f3n Cultural en el Rural y en el conocimiento del medio que nos rodea.<\/p>\n<p>En el caso del proyecto en Red Aldea Nova Ribeiro-Ribeira, la mayor\u00eda de las propuestas del <a href=\"https:\/\/ribeirolandart.com\/\" target=\"_blank\" rel=\"noopener\">Ribeiro LandArt<\/a> son propuestas de sostenibilidad. En el caso de <a href=\"https:\/\/sacraexperience.com\/gl\/\">Sacra Experience<\/a> el proyecto A Peque\u00f1a Bauhaus, est\u00e1 basado en la creaci\u00f3n de una marca sostenible y sin uso de material pl\u00e1stico.<\/p>\n<p>La mayor relevancia de Aldea Nova Ribeiro-Ribeira es justamente este nuevo ruralismo en el que se centra el proyecto, para provocar un movimiento a trav\u00e9s de la cultura que logre repoblar las aldeas disgregadas, ofreciendo formaci\u00f3n de calidad para sus gentes.<\/p>\n<p>La innovaci\u00f3n del proyecto es acoger a toda la comunidad sin dejar de lado los encuentros de pensamiento y reflexi\u00f3n sobre la transformaci\u00f3n social a trav\u00e9s de las Artes. Hacer una labor de mediaci\u00f3n cultural en el entorno rural, donde agentes locales y externos debaten sobre esa necesidad de reconectarnos con entornos naturales. Creando estas nuevas aldeas donde convivan el pasado y el futuro, en un ecosistema cultural de redes entre las comunidades del territorio y los nuevos agentes que median y participan en proyectos culturales, patrimoniales y sociales.<\/p>\n<p>Establecer redes entre artistas, vecindario, hosteleros, agricultores, y bodegueros de la Ribeira Sacra y del Ribeiro. Estos beneficios se ven en los lazos profesionales y en las relaciones, as\u00ed como en el fomento de creaci\u00f3n de empleo local.<\/p>\n<p>[\/et_pb_text][\/et_pb_column][\/et_pb_row][\/et_pb_section]<\/p>\n","protected":false},"excerpt":{"rendered":"<p>\u00bfQu\u00e9 es? El Proyecto Aldea Nova Ribeiro &#8211; Ribeira es un proyecto socio cultural de alianza entre dos territorios de las provincias de Lugo y Ourense, la Comarca del Ribeiro y varios ayuntamientos de los que conforman la Ribeira Sacra. Existen dos iniciativas ya en funcionamiento que dan forma a esta alianza: Sacra Experience, en [&hellip;]<\/p>\n","protected":false},"author":4,"featured_media":0,"parent":0,"menu_order":0,"comment_status":"closed","ping_status":"closed","template":"","meta":{"_et_pb_use_builder":"on","_et_pb_old_content":"","_et_gb_content_width":"","footnotes":""},"class_list":["post-2763","page","type-page","status-publish","hentry"],"yoast_head":"<!-- This site is optimized with the Yoast SEO plugin v27.5 - https:\/\/yoast.com\/product\/yoast-seo-wordpress\/ -->\n<title>Aldea Nova Ribeiro Ribeira - Sacra Experience<\/title>\n<meta name=\"robots\" content=\"index, follow, max-snippet:-1, max-image-preview:large, max-video-preview:-1\" \/>\n<link rel=\"canonical\" href=\"https:\/\/sacraexperience.com\/aldea-nova-ribeiro-ribeira\/?lang=gl\" \/>\n<meta property=\"og:locale\" content=\"gl_ES\" \/>\n<meta property=\"og:type\" content=\"article\" \/>\n<meta property=\"og:title\" content=\"Aldea Nova Ribeiro Ribeira - Sacra Experience\" \/>\n<meta property=\"og:description\" content=\"\u00bfQu\u00e9 es? El Proyecto Aldea Nova Ribeiro - Ribeira es un proyecto socio cultural de alianza entre dos territorios de las provincias de Lugo y Ourense, la Comarca del Ribeiro y varios ayuntamientos de los que conforman la Ribeira Sacra. Existen dos iniciativas ya en funcionamiento que dan forma a esta alianza: Sacra Experience, en [&hellip;]\" \/>\n<meta property=\"og:url\" content=\"https:\/\/sacraexperience.com\/aldea-nova-ribeiro-ribeira\/?lang=gl\" \/>\n<meta property=\"og:site_name\" content=\"Sacra Experience\" \/>\n<meta property=\"article:modified_time\" content=\"2024-04-08T23:39:15+00:00\" \/>\n<meta name=\"twitter:card\" content=\"summary_large_image\" \/>\n<meta name=\"twitter:label1\" content=\"Tempo de lectura\" \/>\n\t<meta name=\"twitter:data1\" content=\"4 minutos\" \/>\n<script type=\"application\/ld+json\" class=\"yoast-schema-graph\">{\"@context\":\"https:\\\/\\\/schema.org\",\"@graph\":[{\"@type\":\"WebPage\",\"@id\":\"https:\\\/\\\/sacraexperience.com\\\/aldea-nova-ribeiro-ribeira\\\/?lang=gl\",\"url\":\"https:\\\/\\\/sacraexperience.com\\\/aldea-nova-ribeiro-ribeira\\\/?lang=gl\",\"name\":\"Aldea Nova Ribeiro Ribeira - Sacra Experience\",\"isPartOf\":{\"@id\":\"https:\\\/\\\/sacraexperience.com\\\/#website\"},\"datePublished\":\"2023-04-27T15:05:53+00:00\",\"dateModified\":\"2024-04-08T23:39:15+00:00\",\"breadcrumb\":{\"@id\":\"https:\\\/\\\/sacraexperience.com\\\/aldea-nova-ribeiro-ribeira\\\/?lang=gl#breadcrumb\"},\"inLanguage\":\"gl-ES\",\"potentialAction\":[{\"@type\":\"ReadAction\",\"target\":[\"https:\\\/\\\/sacraexperience.com\\\/aldea-nova-ribeiro-ribeira\\\/?lang=gl\"]}]},{\"@type\":\"BreadcrumbList\",\"@id\":\"https:\\\/\\\/sacraexperience.com\\\/aldea-nova-ribeiro-ribeira\\\/?lang=gl#breadcrumb\",\"itemListElement\":[{\"@type\":\"ListItem\",\"position\":1,\"name\":\"Portada\",\"item\":\"https:\\\/\\\/sacraexperience.com\\\/gl\\\/inicio\\\/\"},{\"@type\":\"ListItem\",\"position\":2,\"name\":\"Aldea Nova Ribeiro Ribeira\"}]},{\"@type\":\"WebSite\",\"@id\":\"https:\\\/\\\/sacraexperience.com\\\/#website\",\"url\":\"https:\\\/\\\/sacraexperience.com\\\/\",\"name\":\"Sacra Experience\",\"description\":\"Cultura, arte y comunidad\",\"potentialAction\":[{\"@type\":\"SearchAction\",\"target\":{\"@type\":\"EntryPoint\",\"urlTemplate\":\"https:\\\/\\\/sacraexperience.com\\\/?s={search_term_string}\"},\"query-input\":{\"@type\":\"PropertyValueSpecification\",\"valueRequired\":true,\"valueName\":\"search_term_string\"}}],\"inLanguage\":\"gl-ES\"}]}<\/script>\n<!-- \/ Yoast SEO plugin. -->","yoast_head_json":{"title":"Aldea Nova Ribeiro Ribeira - Sacra Experience","robots":{"index":"index","follow":"follow","max-snippet":"max-snippet:-1","max-image-preview":"max-image-preview:large","max-video-preview":"max-video-preview:-1"},"canonical":"https:\/\/sacraexperience.com\/aldea-nova-ribeiro-ribeira\/?lang=gl","og_locale":"gl_ES","og_type":"article","og_title":"Aldea Nova Ribeiro Ribeira - Sacra Experience","og_description":"\u00bfQu\u00e9 es? El Proyecto Aldea Nova Ribeiro - Ribeira es un proyecto socio cultural de alianza entre dos territorios de las provincias de Lugo y Ourense, la Comarca del Ribeiro y varios ayuntamientos de los que conforman la Ribeira Sacra. Existen dos iniciativas ya en funcionamiento que dan forma a esta alianza: Sacra Experience, en [&hellip;]","og_url":"https:\/\/sacraexperience.com\/aldea-nova-ribeiro-ribeira\/?lang=gl","og_site_name":"Sacra Experience","article_modified_time":"2024-04-08T23:39:15+00:00","twitter_card":"summary_large_image","twitter_misc":{"Tempo de lectura":"4 minutos"},"schema":{"@context":"https:\/\/schema.org","@graph":[{"@type":"WebPage","@id":"https:\/\/sacraexperience.com\/aldea-nova-ribeiro-ribeira\/?lang=gl","url":"https:\/\/sacraexperience.com\/aldea-nova-ribeiro-ribeira\/?lang=gl","name":"Aldea Nova Ribeiro Ribeira - Sacra Experience","isPartOf":{"@id":"https:\/\/sacraexperience.com\/#website"},"datePublished":"2023-04-27T15:05:53+00:00","dateModified":"2024-04-08T23:39:15+00:00","breadcrumb":{"@id":"https:\/\/sacraexperience.com\/aldea-nova-ribeiro-ribeira\/?lang=gl#breadcrumb"},"inLanguage":"gl-ES","potentialAction":[{"@type":"ReadAction","target":["https:\/\/sacraexperience.com\/aldea-nova-ribeiro-ribeira\/?lang=gl"]}]},{"@type":"BreadcrumbList","@id":"https:\/\/sacraexperience.com\/aldea-nova-ribeiro-ribeira\/?lang=gl#breadcrumb","itemListElement":[{"@type":"ListItem","position":1,"name":"Portada","item":"https:\/\/sacraexperience.com\/gl\/inicio\/"},{"@type":"ListItem","position":2,"name":"Aldea Nova Ribeiro Ribeira"}]},{"@type":"WebSite","@id":"https:\/\/sacraexperience.com\/#website","url":"https:\/\/sacraexperience.com\/","name":"Sacra Experience","description":"Cultura, arte y comunidad","potentialAction":[{"@type":"SearchAction","target":{"@type":"EntryPoint","urlTemplate":"https:\/\/sacraexperience.com\/?s={search_term_string}"},"query-input":{"@type":"PropertyValueSpecification","valueRequired":true,"valueName":"search_term_string"}}],"inLanguage":"gl-ES"}]}},"_links":{"self":[{"href":"https:\/\/sacraexperience.com\/gl\/wp-json\/wp\/v2\/pages\/2763","targetHints":{"allow":["GET"]}}],"collection":[{"href":"https:\/\/sacraexperience.com\/gl\/wp-json\/wp\/v2\/pages"}],"about":[{"href":"https:\/\/sacraexperience.com\/gl\/wp-json\/wp\/v2\/types\/page"}],"author":[{"embeddable":true,"href":"https:\/\/sacraexperience.com\/gl\/wp-json\/wp\/v2\/users\/4"}],"replies":[{"embeddable":true,"href":"https:\/\/sacraexperience.com\/gl\/wp-json\/wp\/v2\/comments?post=2763"}],"version-history":[{"count":23,"href":"https:\/\/sacraexperience.com\/gl\/wp-json\/wp\/v2\/pages\/2763\/revisions"}],"predecessor-version":[{"id":3203,"href":"https:\/\/sacraexperience.com\/gl\/wp-json\/wp\/v2\/pages\/2763\/revisions\/3203"}],"wp:attachment":[{"href":"https:\/\/sacraexperience.com\/gl\/wp-json\/wp\/v2\/media?parent=2763"}],"curies":[{"name":"wp","href":"https:\/\/api.w.org\/{rel}","templated":true}]}}